{"id":90,"date":"2015-06-27T15:52:06","date_gmt":"2015-06-27T15:52:06","guid":{"rendered":"http:\/\/herrblum.de\/?page_id=90"},"modified":"2017-11-14T11:16:27","modified_gmt":"2017-11-14T11:16:27","slug":"texte","status":"publish","type":"page","link":"https:\/\/herrblum.de\/?page_id=90","title":{"rendered":"Texte"},"content":{"rendered":"<p><strong>Herr Blum kommt daher<\/strong><\/p>\n<p>Zu meinen F\u00fc\u00dfen<br \/>\nPicken die Tauben<br \/>\nIm Kot von K\u00f6tern<br \/>\nErbrochenes<\/p>\n<p>Herr Blum kommt daher<br \/>\nZusammen mit einem lustigen Hut<br \/>\nEr gestikuliert<br \/>\nEr singt ein Lied<br \/>\nEr wei\u00df nicht mehr weiter<br \/>\nPisst an eine Mauer<br \/>\nDie schaut \u00fcber ihn hinweg<\/p>\n<p>Besoffener Penner\u2026<\/p>\n<p>H\u00e4nger und Laster<br \/>\nZiehen vor\u00fcber<br \/>\nZiehen Strom aus Laternen<br \/>\nIch bin froh hier zu wohnen<\/p>\n<p>Ich bin froh<\/p>\n<p>&nbsp;<\/p>\n<p>&nbsp;<\/p>\n<p><strong>Schreit<\/strong><\/p>\n<p>Ich gr\u00fc\u00dfe die Fantasten<br \/>\nIch gr\u00fc\u00dfe die Chaoten<br \/>\nIch gr\u00fc\u00dfe die Spinner<br \/>\nIch gr\u00fc\u00dfe die Idioten<br \/>\nIch gr\u00fc\u00dfe die Aussteiger<br \/>\nIch gr\u00fc\u00dfe die Utopisten<br \/>\nIch gr\u00fc\u00dfe die Verweigerer<br \/>\nIch gr\u00fc\u00df\u2019 die Anarchisten<br \/>\nIch gr\u00fc\u00dfe die K\u00fcnstler, Denker, Poeten<br \/>\nTr\u00e4umer, M\u00fc\u00dfigg\u00e4nger<br \/>\nIch gr\u00fc\u00dfe die Bewegten<\/p>\n<p>Bewegt euch!<br \/>\nGeht los und schreit<br \/>\nBewegt euch!<br \/>\nEs ist an der Zeit<\/p>\n<p>Ich gr\u00fc\u00dfe die Verletzten<br \/>\nVerzweifelten, Entsetzten<br \/>\nIch gr\u00fc\u00dfe die Verr\u00fcckten, Bedr\u00fcckten, Begl\u00fcckten<br \/>\nVerliebten, Verlassenen<br \/>\nIch gr\u00fc\u00dfe die Betrogenen<br \/>\nDie Aufrechten, gr\u00fc\u00dfe die Verbogenen<br \/>\nIch gr\u00fc\u00dfe die Geraden<br \/>\nIch gr\u00fc\u00dfe die Verschobenen<br \/>\nIch gr\u00fc\u00dfe die Besessenen<br \/>\nIch gr\u00fc\u00dfe die Vergessenen<\/p>\n<p>Vergesst euch!<br \/>\nGeht los und schreit<br \/>\nVergesst euch!<br \/>\nEs ist an der Zeit<\/p>\n<p>&nbsp;<\/p>\n<p>&nbsp;<\/p>\n<p><strong>Ameisenstaat<\/strong><\/p>\n<p>Einf\u00e4ltige Heimat<\/p>\n<p>Zu F\u00fc\u00dfen gelegt<br \/>\nHab ich dir mein Leben<\/p>\n<p>Kein Wunder<br \/>\nJetzt liege ich zertreten<\/p>\n<p>Trete zur\u00fcck<br \/>\nErst einen Schritt<br \/>\nDen Zweiten, Dritten\u2026<\/p>\n<p>R\u00fcckw\u00e4rts, immer tiefer<br \/>\nHinein in die Masse<br \/>\nDie mich erschaffen hat<br \/>\nHinein<br \/>\nIn den Ameisenstaat<\/p>\n<p>Kaputt, kaputter Blechsoldat<br \/>\nIch tanze f\u00fcr den Ameisenstaat<\/p>\n<p>&nbsp;<\/p>\n<p>&nbsp;<\/p>\n<p><strong>Meer<\/strong><\/p>\n<p>Ein Mann sa\u00df im Cafe<br \/>\nVor einer Tasse Kaffee<br \/>\nEr war in Gedanken<\/p>\n<p>Er r\u00fchrte und r\u00fchrte<br \/>\nUnd r\u00fchrte sich nicht<br \/>\nDer Zucker war l\u00e4ngst aufgel\u00f6st<br \/>\nVor seinen Augen auch das Cafe<\/p>\n<p>Wie Geisterschiffe trieben seine Gedanken<br \/>\nIn einem kalt gewordenen Meer<br \/>\nUmher<br \/>\nUnd als sie im Grunde versanken<br \/>\nWar er leer<\/p>\n<p>Jedermann im Cafe an der Ecke<br \/>\nMachte sich bald bei seinem Kaffe<br \/>\nGedanken um den Mann in Gedanken<\/p>\n<p>Sie r\u00fchrten und r\u00fchrten<br \/>\nUnd r\u00fchrten sich nicht<br \/>\nDer Zucker war l\u00e4ngst aufgel\u00f6st<br \/>\nAuch der Mann vor ihren Augen<\/p>\n<p>Es verschwand an der Ecke das Cafe<br \/>\nSelbst die Ecke ward nicht mehr gesehn<\/p>\n<p>Mit ihr die Stra\u00dfen, die H\u00e4user die Stadt<br \/>\nMan in Gedanken verloren hat<\/p>\n<p>Die Erde, der Himmel, die Philosophie<br \/>\nUm die Dinge dazwischen<br \/>\nEs gab sie nie<br \/>\nIm Cafe an der Ecke<br \/>\nVor aller Augen<\/p>\n<p>Wie Geisterschiffe trieben ihre Gedanken<br \/>\nIn einem kalt gewordenen Meer<br \/>\nUmher<br \/>\nUnd als sie im Grunde versanken<br \/>\nWar nur noch Meer<\/p>\n<p>&nbsp;<br \/>\n&nbsp;<\/p>\n<p>&nbsp;<\/p>\n<p>&nbsp;<\/p>\n<p>&nbsp;<\/p>\n<p>&nbsp;<\/p>\n","protected":false},"excerpt":{"rendered":"<p>Herr Blum kommt daher Zu meinen F\u00fc\u00dfen Picken die Tauben Im Kot von K\u00f6tern Erbrochenes Herr Blum kommt daher Zusammen mit einem lustigen Hut Er gestikuliert Er singt ein Lied Er wei\u00df nicht mehr weiter Pisst an eine Mauer Die &hellip; <a href=\"https:\/\/herrblum.de\/?page_id=90\">Weiterlesen <span class=\"meta-nav\">&rarr;<\/span><\/a><\/p>\n","protected":false},"author":1,"featured_media":0,"parent":0,"menu_order":0,"comment_status":"closed","ping_status":"closed","template":"","meta":[],"aioseo_notices":[],"_links":{"self":[{"href":"https:\/\/herrblum.de\/index.php?rest_route=\/wp\/v2\/pages\/90"}],"collection":[{"href":"https:\/\/herrblum.de\/index.php?rest_route=\/wp\/v2\/pages"}],"about":[{"href":"https:\/\/herrblum.de\/index.php?rest_route=\/wp\/v2\/types\/page"}],"author":[{"embeddable":true,"href":"https:\/\/herrblum.de\/index.php?rest_route=\/wp\/v2\/users\/1"}],"replies":[{"embeddable":true,"href":"https:\/\/herrblum.de\/index.php?rest_route=%2Fwp%2Fv2%2Fcomments&post=90"}],"version-history":[{"count":10,"href":"https:\/\/herrblum.de\/index.php?rest_route=\/wp\/v2\/pages\/90\/revisions"}],"predecessor-version":[{"id":498,"href":"https:\/\/herrblum.de\/index.php?rest_route=\/wp\/v2\/pages\/90\/revisions\/498"}],"wp:attachment":[{"href":"https:\/\/herrblum.de\/index.php?rest_route=%2Fwp%2Fv2%2Fmedia&parent=90"}],"curies":[{"name":"wp","href":"https:\/\/api.w.org\/{rel}","templated":true}]}}