{"id":261,"date":"2012-10-29T08:52:30","date_gmt":"2012-10-29T08:52:30","guid":{"rendered":"http:\/\/herrblum.de\/?page_id=261"},"modified":"2021-08-23T19:28:37","modified_gmt":"2021-08-23T19:28:37","slug":"home","status":"publish","type":"page","link":"https:\/\/herrblum.de\/","title":{"rendered":"Home"},"content":{"rendered":"<div><span style=\"font-size: inherit;\">Herr Blum ist kein einzelner Herr, sondern eine ganze Band.&nbsp;<\/span><\/div>\n<div>\n<p>Mit einer wilden Mischung aus Punk, elektronischer Musik und Action Painting \u00fcberschritten Herr Blum schon im Ost-Underground s\u00e4mliche Grenzen.&nbsp;<\/p>\n<p>Thomas Wagner, Songschreiber, S\u00e4nger, Gitarrist und bildender K\u00fcnstler, setzt sich auf der Suche nach immer neuen Ausdrucksm\u00f6glichkeiten \u00fcber musikalische und politische Konventionen hinweg. Seine Ansage an die industrialisierte Gesellschaft 4.0 zelebriert er mit einer eingeschworenen Band:&nbsp;<\/p>\n<p>J\u00fcrgen Wagner, dem Maler, der die Farben frisst,<\/p>\n<p>Thomas Trenkel, dem Bassisten, der die Saiten zerfetzt,<\/p>\n<p>Alexander Lode, dem Trommler, der das Schlagzeug unter Strom setzt,&nbsp;<\/p>\n<p>Martina D\u00fcnkelmann, der Moogspielerin, die Erdbeben erzeugt.&nbsp; &nbsp;<\/p>\n<div class=\"page\" title=\"Page 1\">&nbsp;<\/div>\n<p>\u201eHerr Blum\u201c (Mr. Blum) is not a single gentleman, it\u2018s a whole band.<\/p>\n<p>With their wild mix of punk, electronic music and action painting Herr Blum crossed boundaries not only in GDR\u2018s underground.<\/p>\n<p>Singer, songwriter, guitarist and artist Thomas Wagner is constantly looking for new ways of expression and thereby exceeding any musical and political conventions.&nbsp;<\/p>\n<p>The visual and sonical artist is denouncing the industrialised society 4.0, celebrating with a committed band by his side:<\/p>\n<p>J\u00fcrgen Wagner, the painter who eats the paint,<\/p>\n<p>Thomas Trenkel, the bass player who changes his broken e-string while constantly playing,<\/p>\n<p>Alexander Lode, the drummer who got rid of his analog kick in favour of electronic devices,<\/p>\n<p>Martina D\u00fcnkelmann, the synth player who causes earthquakes with her moog.<\/p>\n<\/div>\n\n\n<figure class=\"wp-block-image size-large\"><img decoding=\"async\" loading=\"lazy\" width=\"1024\" height=\"731\" src=\"https:\/\/herrblum.de\/wp-content\/uploads\/2021\/08\/schrei-1024x731.jpg\" alt=\"\" class=\"wp-image-542\" srcset=\"https:\/\/herrblum.de\/wp-content\/uploads\/2021\/08\/schrei-1024x731.jpg 1024w, https:\/\/herrblum.de\/wp-content\/uploads\/2021\/08\/schrei-300x214.jpg 300w, https:\/\/herrblum.de\/wp-content\/uploads\/2021\/08\/schrei-768x549.jpg 768w, https:\/\/herrblum.de\/wp-content\/uploads\/2021\/08\/schrei-1536x1097.jpg 1536w, https:\/\/herrblum.de\/wp-content\/uploads\/2021\/08\/schrei-2048x1463.jpg 2048w, https:\/\/herrblum.de\/wp-content\/uploads\/2021\/08\/schrei-420x300.jpg 420w\" sizes=\"(max-width: 1024px) 100vw, 1024px\" \/><\/figure>\n","protected":false},"excerpt":{"rendered":"<p>Herr Blum ist kein einzelner Herr, sondern eine ganze Band.&nbsp; Mit einer wilden Mischung aus Punk, elektronischer Musik und Action Painting \u00fcberschritten Herr Blum schon im Ost-Underground s\u00e4mliche Grenzen.&nbsp; Thomas Wagner, Songschreiber, S\u00e4nger, Gitarrist und bildender K\u00fcnstler, setzt sich auf &hellip; <a href=\"https:\/\/herrblum.de\/\">Weiterlesen <span class=\"meta-nav\">&rarr;<\/span><\/a><\/p>\n","protected":false},"author":1,"featured_media":0,"parent":0,"menu_order":0,"comment_status":"closed","ping_status":"closed","template":"","meta":[],"aioseo_notices":[],"_links":{"self":[{"href":"https:\/\/herrblum.de\/index.php?rest_route=\/wp\/v2\/pages\/261"}],"collection":[{"href":"https:\/\/herrblum.de\/index.php?rest_route=\/wp\/v2\/pages"}],"about":[{"href":"https:\/\/herrblum.de\/index.php?rest_route=\/wp\/v2\/types\/page"}],"author":[{"embeddable":true,"href":"https:\/\/herrblum.de\/index.php?rest_route=\/wp\/v2\/users\/1"}],"replies":[{"embeddable":true,"href":"https:\/\/herrblum.de\/index.php?rest_route=%2Fwp%2Fv2%2Fcomments&post=261"}],"version-history":[{"count":56,"href":"https:\/\/herrblum.de\/index.php?rest_route=\/wp\/v2\/pages\/261\/revisions"}],"predecessor-version":[{"id":544,"href":"https:\/\/herrblum.de\/index.php?rest_route=\/wp\/v2\/pages\/261\/revisions\/544"}],"wp:attachment":[{"href":"https:\/\/herrblum.de\/index.php?rest_route=%2Fwp%2Fv2%2Fmedia&parent=261"}],"curies":[{"name":"wp","href":"https:\/\/api.w.org\/{rel}","templated":true}]}}